{"id":1952,"date":"2025-03-28T14:12:34","date_gmt":"2025-03-28T18:12:34","guid":{"rendered":"https:\/\/transitambassador.org\/contact-us\/"},"modified":"2026-03-13T14:46:25","modified_gmt":"2026-03-13T18:46:25","slug":"nous-joindre","status":"publish","type":"page","link":"https:\/\/transitambassador.org\/fr\/nous-joindre\/","title":{"rendered":"Communiquez avec nous"},"content":{"rendered":"\t\t<div data-elementor-type=\"wp-page\" data-elementor-id=\"1952\" class=\"elementor elementor-1952 elementor-15\" data-elementor-post-type=\"page\">\n\t\t\t\t<div class=\"elementor-element elementor-element-329081d1 e-flex e-con-boxed e-con e-parent\" data-id=\"329081d1\" data-element_type=\"container\" data-settings=\"{&quot;background_background&quot;:&quot;classic&quot;}\">\n\t\t\t\t\t<div class=\"e-con-inner\">\n\t\t\t\t<div class=\"elementor-element elementor-element-31a60ef7 elementor-invisible elementor-widget elementor-widget-heading\" data-id=\"31a60ef7\" data-element_type=\"widget\" data-settings=\"{&quot;_animation&quot;:&quot;fadeIn&quot;}\" data-widget_type=\"heading.default\">\n\t\t\t\t<div class=\"elementor-widget-container\">\n\t\t\t\t\t<h1 class=\"elementor-heading-title elementor-size-default\">Communiquez avec nous<\/h1>\t\t\t\t<\/div>\n\t\t\t\t<\/div>\n\t\t\t\t\t<\/div>\n\t\t\t\t<\/div>\n\t\t<div class=\"elementor-element elementor-element-1cefa020 e-flex e-con-boxed e-con e-parent\" data-id=\"1cefa020\" data-element_type=\"container\">\n\t\t\t\t\t<div class=\"e-con-inner\">\n\t\t<div class=\"elementor-element elementor-element-19d94e7f e-con-full e-flex e-con e-child\" data-id=\"19d94e7f\" data-element_type=\"container\" data-settings=\"{&quot;background_background&quot;:&quot;classic&quot;}\">\n\t\t\t\t<div class=\"elementor-element elementor-element-1744a02 elementor-widget elementor-widget-heading\" data-id=\"1744a02\" data-element_type=\"widget\" data-widget_type=\"heading.default\">\n\t\t\t\t<div class=\"elementor-widget-container\">\n\t\t\t\t\t<h2 class=\"elementor-heading-title elementor-size-default\">Communiquez avec l\u2019\u00e9quipe de Ambassadeurs du transport collectif<\/h2>\t\t\t\t<\/div>\n\t\t\t\t<\/div>\n\t\t\t\t<div class=\"elementor-element elementor-element-638e1eea elementor-widget elementor-widget-text-editor\" data-id=\"638e1eea\" data-element_type=\"widget\" data-widget_type=\"text-editor.default\">\n\t\t\t\t<div class=\"elementor-widget-container\">\n\t\t\t\t\t\t\t\t\t<p class=\"\" data-start=\"170\" data-end=\"397\">Que vous souhaitiez offrir la formation Ambassadeurs du transport collectif<br>au sein de votre organisme, explorer notre liste croissante de programmes, ou simplement en apprendre davantage sur la fa\u00e7on dont nous appuyons les professionnels du transport collectif \u00e0 travers l\u2019Am\u00e9rique du Nord, nous sommes l\u00e0 pour vous aider.<\/p>\n<p><img decoding=\"async\" draggable=\"false\" role=\"img\" class=\"emoji\" alt=\"\ud83d\udcde\" src=\"https:\/\/s.w.org\/images\/core\/emoji\/16.0.1\/svg\/1f4de.svg\"> Appelez-nous directement au <a href=\"tel:%2018667913558\"><strong>1-866-791-3558<\/strong><\/a>,&nbsp;ou&nbsp;<a href=\"https:\/\/outlook.office.com\/book\/TransitAmbassador@cutaactu.ca\/?ismsaljsauthenabled\">r\u00e9servez un appel avec nous<strong><br><\/strong><\/a><\/p>\t\t\t\t\t\t\t\t<\/div>\n\t\t\t\t<\/div>\n\t\t\t\t<div class=\"elementor-element elementor-element-7867796 elementor-button-align-stretch elementor-widget elementor-widget-form\" data-id=\"7867796\" data-element_type=\"widget\" data-settings=\"{&quot;step_next_label&quot;:&quot;Next&quot;,&quot;step_previous_label&quot;:&quot;Previous&quot;,&quot;button_width&quot;:&quot;100&quot;,&quot;step_type&quot;:&quot;number_text&quot;,&quot;step_icon_shape&quot;:&quot;circle&quot;}\" data-widget_type=\"form.default\">\n\t\t\t\t<div class=\"elementor-widget-container\">\n\t\t\t\t\t\t\t<form class=\"elementor-form\" method=\"post\" name=\"New Form\" aria-label=\"New Form\">\n\t\t\t<input type=\"hidden\" name=\"post_id\" value=\"1952\"\/>\n\t\t\t<input type=\"hidden\" name=\"form_id\" value=\"7867796\"\/>\n\t\t\t<input type=\"hidden\" name=\"referer_title\" value=\"Communiquez avec nous - Transit Ambassador\" \/>\n\n\t\t\t\t\t\t\t<input type=\"hidden\" name=\"queried_id\" value=\"1952\"\/>\n\t\t\t\n\t\t\t<div class=\"elementor-form-fields-wrapper elementor-labels-above\">\n\t\t\t\t\t\t\t\t<div class=\"elementor-field-type-text elementor-field-group elementor-column elementor-field-group-field_1e55389 elementor-col-100 elementor-field-required\">\n\t\t\t\t\t\t\t\t\t\t\t\t\t<input size=\"1\" type=\"text\" name=\"form_fields[field_1e55389]\" id=\"form-field-field_1e55389\" class=\"elementor-field elementor-size-md  elementor-field-textual\" placeholder=\"First Name\" required=\"required\">\n\t\t\t\t\t\t\t\t\t\t\t<\/div>\n\t\t\t\t\t\t\t\t<div class=\"elementor-field-type-text elementor-field-group elementor-column elementor-field-group-field_e6ccead elementor-col-100 elementor-field-required\">\n\t\t\t\t\t\t\t\t\t\t\t\t\t<input size=\"1\" type=\"text\" name=\"form_fields[field_e6ccead]\" id=\"form-field-field_e6ccead\" class=\"elementor-field elementor-size-md  elementor-field-textual\" placeholder=\"Last Name\" required=\"required\">\n\t\t\t\t\t\t\t\t\t\t\t<\/div>\n\t\t\t\t\t\t\t\t<div class=\"elementor-field-type-text elementor-field-group elementor-column elementor-field-group-name elementor-col-100 elementor-field-required\">\n\t\t\t\t\t\t\t\t\t\t\t\t\t<input size=\"1\" type=\"text\" name=\"form_fields[name]\" id=\"form-field-name\" class=\"elementor-field elementor-size-md  elementor-field-textual\" placeholder=\"Organization\" required=\"required\">\n\t\t\t\t\t\t\t\t\t\t\t<\/div>\n\t\t\t\t\t\t\t\t<div class=\"elementor-field-type-email elementor-field-group elementor-column elementor-field-group-email elementor-col-100 elementor-field-required\">\n\t\t\t\t\t\t\t\t\t\t\t\t\t<input size=\"1\" type=\"email\" name=\"form_fields[email]\" id=\"form-field-email\" class=\"elementor-field elementor-size-md  elementor-field-textual\" placeholder=\"Courriel\" required=\"required\">\n\t\t\t\t\t\t\t\t\t\t\t<\/div>\n\t\t\t\t\t\t\t\t<div class=\"elementor-field-type-textarea elementor-field-group elementor-column elementor-field-group-message elementor-col-100\">\n\t\t\t\t\t<textarea class=\"elementor-field-textual elementor-field  elementor-size-md\" name=\"form_fields[message]\" id=\"form-field-message\" rows=\"4\" placeholder=\"Message\"><\/textarea>\t\t\t\t<\/div>\n\t\t\t\t\t\t\t\t<div class=\"elementor-field-type-checkbox elementor-field-group elementor-column elementor-field-group-field_08f607e elementor-col-100\">\n\t\t\t\t\t\t\t\t\t\t\t\t<label for=\"form-field-field_08f607e\" class=\"elementor-field-label\">\n\t\t\t\t\t\t\t\tJe souhaite en savoir plus sur :\t\t\t\t\t\t\t<\/label>\n\t\t\t\t\t\t<div class=\"elementor-field-subgroup  \"><span class=\"elementor-field-option\"><input type=\"checkbox\" value=\"Service \u00e0 la client\u00e8le \u2013 Ambassadeur du transport en commun\" id=\"form-field-field_08f607e-0\" name=\"form_fields[field_08f607e][]\"> <label for=\"form-field-field_08f607e-0\">Service \u00e0 la client\u00e8le \u2013 Ambassadeur du transport en commun<\/label><\/span><span class=\"elementor-field-option\"><input type=\"checkbox\" value=\"Planification des horaires et d\u00e9coupage des services\" id=\"form-field-field_08f607e-1\" name=\"form_fields[field_08f607e][]\"> <label for=\"form-field-field_08f607e-1\">Planification des horaires et d\u00e9coupage des services<\/label><\/span><span class=\"elementor-field-option\"><input type=\"checkbox\" value=\"Planification du transport en commun pour des communaut\u00e9s durables\" id=\"form-field-field_08f607e-2\" name=\"form_fields[field_08f607e][]\"> <label for=\"form-field-field_08f607e-2\">Planification du transport en commun pour des communaut\u00e9s durables<\/label><\/span><span class=\"elementor-field-option\"><input type=\"checkbox\" value=\"Introduction au transport adapt\u00e9\" id=\"form-field-field_08f607e-3\" name=\"form_fields[field_08f607e][]\"> <label for=\"form-field-field_08f607e-3\">Introduction au transport adapt\u00e9<\/label><\/span><span class=\"elementor-field-option\"><input type=\"checkbox\" value=\"Mise en \u0153uvre des autobus \u00e9lectriques \u00e0 batterie\" id=\"form-field-field_08f607e-4\" name=\"form_fields[field_08f607e][]\"> <label for=\"form-field-field_08f607e-4\">Mise en \u0153uvre des autobus \u00e9lectriques \u00e0 batterie<\/label><\/span><span class=\"elementor-field-option\"><input type=\"checkbox\" value=\"D\u00e9sescalade dans le transport collectif\" id=\"form-field-field_08f607e-5\" name=\"form_fields[field_08f607e][]\"> <label for=\"form-field-field_08f607e-5\">D\u00e9sescalade dans le transport collectif<\/label><\/span><span class=\"elementor-field-option\"><input type=\"checkbox\" value=\"STRADA\" id=\"form-field-field_08f607e-6\" name=\"form_fields[field_08f607e][]\"> <label for=\"form-field-field_08f607e-6\">STRADA<\/label><\/span><\/div>\t\t\t\t<\/div>\n\t\t\t\t\t\t\t\t<div class=\"elementor-field-type-recaptcha_v3 elementor-field-group elementor-column elementor-field-group-field_f9e30e8 elementor-col-100 recaptcha_v3-bottomright\">\n\t\t\t\t\t<div class=\"elementor-field\" id=\"form-field-field_f9e30e8\"><div class=\"elementor-g-recaptcha\" data-sitekey=\"6LcJLacrAAAAAEAUSIe6IErVgi4-6BWkP50kfE5K\" data-type=\"v3\" data-action=\"Form\" data-badge=\"bottomright\" data-size=\"invisible\"><\/div><\/div>\t\t\t\t<\/div>\n\t\t\t\t\t\t\t\t<div class=\"elementor-field-group elementor-column elementor-field-type-submit elementor-col-100 e-form__buttons\">\n\t\t\t\t\t<button class=\"elementor-button elementor-size-sm\" type=\"submit\">\n\t\t\t\t\t\t<span class=\"elementor-button-content-wrapper\">\n\t\t\t\t\t\t\t\t\t\t\t\t\t\t\t\t\t\t\t\t\t\t<span class=\"elementor-button-text\">Envoyez un message<\/span>\n\t\t\t\t\t\t\t\t\t\t\t\t\t<\/span>\n\t\t\t\t\t<\/button>\n\t\t\t\t<\/div>\n\t\t\t<\/div>\n\t\t<\/form>\n\t\t\t\t\t\t<\/div>\n\t\t\t\t<\/div>\n\t\t\t\t<\/div>\n\t\t\t\t\t<\/div>\n\t\t\t\t<\/div>\n\t\t<div class=\"elementor-element elementor-element-291a01ed e-con-full e-flex e-con e-parent\" data-id=\"291a01ed\" data-element_type=\"container\" data-settings=\"{&quot;background_background&quot;:&quot;classic&quot;}\">\n\t\t<div class=\"elementor-element elementor-element-5039d94f e-con-full e-flex e-con e-child\" data-id=\"5039d94f\" data-element_type=\"container\">\n\t\t<div class=\"elementor-element elementor-element-2e2f5d36 e-con-full e-flex e-con e-child\" data-id=\"2e2f5d36\" data-element_type=\"container\">\n\t\t\t\t<div class=\"elementor-element elementor-element-44f39776 elementor-widget elementor-widget-heading\" data-id=\"44f39776\" data-element_type=\"widget\" data-widget_type=\"heading.default\">\n\t\t\t\t<div class=\"elementor-widget-container\">\n\t\t\t\t\t<h2 class=\"elementor-heading-title elementor-size-default\">D\u00e9veloppez les comp\u00e9tences qui font progresser le transport collectif<\/h2>\t\t\t\t<\/div>\n\t\t\t\t<\/div>\n\t\t\t\t<\/div>\n\t\t\t\t<\/div>\n\t\t\t\t<\/div>\n\t\t\t\t<\/div>\n\t\t","protected":false},"excerpt":{"rendered":"<p>Communiquez avec nous Communiquez avec l\u2019\u00e9quipe de Ambassadeurs du transport collectif Que vous souhaitiez offrir la formation Ambassadeurs du transport collectifau sein de votre organisme, explorer notre liste croissante de [&hellip;]<\/p>\n","protected":false},"author":1,"featured_media":0,"parent":0,"menu_order":0,"comment_status":"closed","ping_status":"closed","template":"elementor_header_footer","meta":{"_price":"","_stock":"","_tribe_ticket_header":"","_tribe_default_ticket_provider":"","_ticket_start_date":"","_ticket_end_date":"","_tribe_ticket_show_description":"","_tribe_ticket_show_not_going":false,"_tribe_ticket_use_global_stock":"","_tribe_ticket_global_stock_level":"","_global_stock_mode":"","_global_stock_cap":"","_tribe_rsvp_for_event":"","_tribe_ticket_going_count":"","_tribe_ticket_not_going_count":"","_tribe_tickets_list":"[]","_tribe_ticket_has_attendee_info_fields":false,"footnotes":"","_tec_slr_enabled":"","_tec_slr_layout":""},"class_list":["post-1952","page","type-page","status-publish","hentry"],"yoast_head":"<!-- This site is optimized with the Yoast SEO plugin v26.1.1 - https:\/\/yoast.com\/wordpress\/plugins\/seo\/ -->\n<title>Communiquez avec nous - Transit Ambassador<\/title>\n<meta name=\"robots\" content=\"index, follow, max-snippet:-1, max-image-preview:large, max-video-preview:-1\" \/>\n<link rel=\"canonical\" href=\"https:\/\/transitambassador.org\/fr\/nous-joindre\/\" \/>\n<meta property=\"og:locale\" content=\"fr_FR\" \/>\n<meta property=\"og:type\" content=\"article\" \/>\n<meta property=\"og:title\" content=\"Communiquez avec nous - Transit Ambassador\" \/>\n<meta property=\"og:description\" content=\"Communiquez avec nous Communiquez avec l\u2019\u00e9quipe de Ambassadeurs du transport collectif Que vous souhaitiez offrir la formation Ambassadeurs du transport collectifau sein de votre organisme, explorer notre liste croissante de [&hellip;]\" \/>\n<meta property=\"og:url\" content=\"https:\/\/transitambassador.org\/fr\/nous-joindre\/\" \/>\n<meta property=\"og:site_name\" content=\"Transit Ambassador\" \/>\n<meta property=\"article:modified_time\" content=\"2026-03-13T18:46:25+00:00\" \/>\n<meta property=\"og:image\" content=\"https:\/\/s.w.org\/images\/core\/emoji\/16.0.1\/svg\/1f4de.svg\" \/>\n<meta name=\"twitter:card\" content=\"summary_large_image\" \/>\n<meta name=\"twitter:label1\" content=\"Dur\u00e9e de lecture estim\u00e9e\" \/>\n\t<meta name=\"twitter:data1\" content=\"1 minute\" \/>\n<script type=\"application\/ld+json\" class=\"yoast-schema-graph\">{\"@context\":\"https:\/\/schema.org\",\"@graph\":[{\"@type\":[\"WebPage\",\"ContactPage\"],\"@id\":\"https:\/\/transitambassador.org\/fr\/nous-joindre\/\",\"url\":\"https:\/\/transitambassador.org\/fr\/nous-joindre\/\",\"name\":\"Communiquez avec nous - Transit Ambassador\",\"isPartOf\":{\"@id\":\"https:\/\/transitambassador.org\/fr\/#website\"},\"primaryImageOfPage\":{\"@id\":\"https:\/\/transitambassador.org\/fr\/nous-joindre\/#primaryimage\"},\"image\":{\"@id\":\"https:\/\/transitambassador.org\/fr\/nous-joindre\/#primaryimage\"},\"thumbnailUrl\":\"https:\/\/s.w.org\/images\/core\/emoji\/16.0.1\/svg\/1f4de.svg\",\"datePublished\":\"2025-03-28T18:12:34+00:00\",\"dateModified\":\"2026-03-13T18:46:25+00:00\",\"breadcrumb\":{\"@id\":\"https:\/\/transitambassador.org\/fr\/nous-joindre\/#breadcrumb\"},\"inLanguage\":\"fr-FR\",\"potentialAction\":[{\"@type\":\"ReadAction\",\"target\":[\"https:\/\/transitambassador.org\/fr\/nous-joindre\/\"]}]},{\"@type\":\"ImageObject\",\"inLanguage\":\"fr-FR\",\"@id\":\"https:\/\/transitambassador.org\/fr\/nous-joindre\/#primaryimage\",\"url\":\"https:\/\/s.w.org\/images\/core\/emoji\/16.0.1\/svg\/1f4de.svg\",\"contentUrl\":\"https:\/\/s.w.org\/images\/core\/emoji\/16.0.1\/svg\/1f4de.svg\"},{\"@type\":\"BreadcrumbList\",\"@id\":\"https:\/\/transitambassador.org\/fr\/nous-joindre\/#breadcrumb\",\"itemListElement\":[{\"@type\":\"ListItem\",\"position\":1,\"name\":\"Home\",\"item\":\"https:\/\/transitambassador.org\/fr\/home\/\"},{\"@type\":\"ListItem\",\"position\":2,\"name\":\"Communiquez avec nous\"}]},{\"@type\":\"WebSite\",\"@id\":\"https:\/\/transitambassador.org\/fr\/#website\",\"url\":\"https:\/\/transitambassador.org\/fr\/\",\"name\":\"Transit Ambassador\",\"description\":\"\",\"publisher\":{\"@id\":\"https:\/\/transitambassador.org\/fr\/#organization\"},\"potentialAction\":[{\"@type\":\"SearchAction\",\"target\":{\"@type\":\"EntryPoint\",\"urlTemplate\":\"https:\/\/transitambassador.org\/fr\/?s={search_term_string}\"},\"query-input\":{\"@type\":\"PropertyValueSpecification\",\"valueRequired\":true,\"valueName\":\"search_term_string\"}}],\"inLanguage\":\"fr-FR\"},{\"@type\":\"Organization\",\"@id\":\"https:\/\/transitambassador.org\/fr\/#organization\",\"name\":\"Transit Ambassador\",\"url\":\"https:\/\/transitambassador.org\/fr\/\",\"logo\":{\"@type\":\"ImageObject\",\"inLanguage\":\"fr-FR\",\"@id\":\"https:\/\/transitambassador.org\/fr\/#\/schema\/logo\/image\/\",\"url\":\"https:\/\/transitambassador.org\/wp-content\/uploads\/2025\/03\/cropped-Transit-Ambassador-Logo-1.png\",\"contentUrl\":\"https:\/\/transitambassador.org\/wp-content\/uploads\/2025\/03\/cropped-Transit-Ambassador-Logo-1.png\",\"width\":150,\"height\":32,\"caption\":\"Transit Ambassador\"},\"image\":{\"@id\":\"https:\/\/transitambassador.org\/fr\/#\/schema\/logo\/image\/\"}}]}<\/script>\n<!-- \/ Yoast SEO plugin. -->","yoast_head_json":{"title":"Communiquez avec nous - Transit Ambassador","robots":{"index":"index","follow":"follow","max-snippet":"max-snippet:-1","max-image-preview":"max-image-preview:large","max-video-preview":"max-video-preview:-1"},"canonical":"https:\/\/transitambassador.org\/fr\/nous-joindre\/","og_locale":"fr_FR","og_type":"article","og_title":"Communiquez avec nous - Transit Ambassador","og_description":"Communiquez avec nous Communiquez avec l\u2019\u00e9quipe de Ambassadeurs du transport collectif Que vous souhaitiez offrir la formation Ambassadeurs du transport collectifau sein de votre organisme, explorer notre liste croissante de [&hellip;]","og_url":"https:\/\/transitambassador.org\/fr\/nous-joindre\/","og_site_name":"Transit Ambassador","article_modified_time":"2026-03-13T18:46:25+00:00","og_image":[{"url":"https:\/\/s.w.org\/images\/core\/emoji\/16.0.1\/svg\/1f4de.svg","type":"","width":"","height":""}],"twitter_card":"summary_large_image","twitter_misc":{"Dur\u00e9e de lecture estim\u00e9e":"1 minute"},"schema":{"@context":"https:\/\/schema.org","@graph":[{"@type":["WebPage","ContactPage"],"@id":"https:\/\/transitambassador.org\/fr\/nous-joindre\/","url":"https:\/\/transitambassador.org\/fr\/nous-joindre\/","name":"Communiquez avec nous - Transit Ambassador","isPartOf":{"@id":"https:\/\/transitambassador.org\/fr\/#website"},"primaryImageOfPage":{"@id":"https:\/\/transitambassador.org\/fr\/nous-joindre\/#primaryimage"},"image":{"@id":"https:\/\/transitambassador.org\/fr\/nous-joindre\/#primaryimage"},"thumbnailUrl":"https:\/\/s.w.org\/images\/core\/emoji\/16.0.1\/svg\/1f4de.svg","datePublished":"2025-03-28T18:12:34+00:00","dateModified":"2026-03-13T18:46:25+00:00","breadcrumb":{"@id":"https:\/\/transitambassador.org\/fr\/nous-joindre\/#breadcrumb"},"inLanguage":"fr-FR","potentialAction":[{"@type":"ReadAction","target":["https:\/\/transitambassador.org\/fr\/nous-joindre\/"]}]},{"@type":"ImageObject","inLanguage":"fr-FR","@id":"https:\/\/transitambassador.org\/fr\/nous-joindre\/#primaryimage","url":"https:\/\/s.w.org\/images\/core\/emoji\/16.0.1\/svg\/1f4de.svg","contentUrl":"https:\/\/s.w.org\/images\/core\/emoji\/16.0.1\/svg\/1f4de.svg"},{"@type":"BreadcrumbList","@id":"https:\/\/transitambassador.org\/fr\/nous-joindre\/#breadcrumb","itemListElement":[{"@type":"ListItem","position":1,"name":"Home","item":"https:\/\/transitambassador.org\/fr\/home\/"},{"@type":"ListItem","position":2,"name":"Communiquez avec nous"}]},{"@type":"WebSite","@id":"https:\/\/transitambassador.org\/fr\/#website","url":"https:\/\/transitambassador.org\/fr\/","name":"Transit Ambassador","description":"","publisher":{"@id":"https:\/\/transitambassador.org\/fr\/#organization"},"potentialAction":[{"@type":"SearchAction","target":{"@type":"EntryPoint","urlTemplate":"https:\/\/transitambassador.org\/fr\/?s={search_term_string}"},"query-input":{"@type":"PropertyValueSpecification","valueRequired":true,"valueName":"search_term_string"}}],"inLanguage":"fr-FR"},{"@type":"Organization","@id":"https:\/\/transitambassador.org\/fr\/#organization","name":"Transit Ambassador","url":"https:\/\/transitambassador.org\/fr\/","logo":{"@type":"ImageObject","inLanguage":"fr-FR","@id":"https:\/\/transitambassador.org\/fr\/#\/schema\/logo\/image\/","url":"https:\/\/transitambassador.org\/wp-content\/uploads\/2025\/03\/cropped-Transit-Ambassador-Logo-1.png","contentUrl":"https:\/\/transitambassador.org\/wp-content\/uploads\/2025\/03\/cropped-Transit-Ambassador-Logo-1.png","width":150,"height":32,"caption":"Transit Ambassador"},"image":{"@id":"https:\/\/transitambassador.org\/fr\/#\/schema\/logo\/image\/"}}]}},"ticketed":false,"_links":{"self":[{"href":"https:\/\/transitambassador.org\/fr\/wp-json\/wp\/v2\/pages\/1952","targetHints":{"allow":["GET"]}}],"collection":[{"href":"https:\/\/transitambassador.org\/fr\/wp-json\/wp\/v2\/pages"}],"about":[{"href":"https:\/\/transitambassador.org\/fr\/wp-json\/wp\/v2\/types\/page"}],"author":[{"embeddable":true,"href":"https:\/\/transitambassador.org\/fr\/wp-json\/wp\/v2\/users\/1"}],"replies":[{"embeddable":true,"href":"https:\/\/transitambassador.org\/fr\/wp-json\/wp\/v2\/comments?post=1952"}],"version-history":[{"count":7,"href":"https:\/\/transitambassador.org\/fr\/wp-json\/wp\/v2\/pages\/1952\/revisions"}],"predecessor-version":[{"id":2553,"href":"https:\/\/transitambassador.org\/fr\/wp-json\/wp\/v2\/pages\/1952\/revisions\/2553"}],"wp:attachment":[{"href":"https:\/\/transitambassador.org\/fr\/wp-json\/wp\/v2\/media?parent=1952"}],"curies":[{"name":"wp","href":"https:\/\/api.w.org\/{rel}","templated":true}]}}