{"id":1979,"date":"2025-03-31T13:03:00","date_gmt":"2025-03-31T17:03:00","guid":{"rendered":"https:\/\/transitambassador.org\/intro-to-specialized-transit\/"},"modified":"2026-01-08T12:52:01","modified_gmt":"2026-01-08T17:52:01","slug":"introduction-au-transport-adapte","status":"publish","type":"page","link":"https:\/\/transitambassador.org\/fr\/introduction-au-transport-adapte\/","title":{"rendered":"Introduction au transport adapt\u00e9"},"content":{"rendered":"\t\t<div data-elementor-type=\"wp-page\" data-elementor-id=\"1979\" class=\"elementor elementor-1979 elementor-204\" data-elementor-post-type=\"page\">\n\t\t\t\t<div class=\"elementor-element elementor-element-522d517a e-flex e-con-boxed e-con e-parent\" data-id=\"522d517a\" data-element_type=\"container\" data-settings=\"{&quot;background_background&quot;:&quot;classic&quot;}\">\n\t\t\t\t\t<div class=\"e-con-inner\">\n\t\t\t\t<div class=\"elementor-element elementor-element-3c6dc1fc elementor-invisible elementor-widget elementor-widget-heading\" data-id=\"3c6dc1fc\" data-element_type=\"widget\" data-settings=\"{&quot;_animation&quot;:&quot;fadeIn&quot;}\" data-widget_type=\"heading.default\">\n\t\t\t\t<div class=\"elementor-widget-container\">\n\t\t\t\t\t<h1 class=\"elementor-heading-title elementor-size-default\">Introduction au transport adapt\u00e9<\/h1>\t\t\t\t<\/div>\n\t\t\t\t<\/div>\n\t\t\t\t<div class=\"elementor-element elementor-element-505ff9be elementor-invisible elementor-widget elementor-widget-heading\" data-id=\"505ff9be\" data-element_type=\"widget\" data-settings=\"{&quot;_animation&quot;:&quot;fadeIn&quot;,&quot;_animation_delay&quot;:400}\" data-widget_type=\"heading.default\">\n\t\t\t\t<div class=\"elementor-widget-container\">\n\t\t\t\t\t<h2 class=\"elementor-heading-title elementor-size-default\">Acqu\u00e9rir des comp\u00e9tences en transport adapt\u00e9<\/h2>\t\t\t\t<\/div>\n\t\t\t\t<\/div>\n\t\t\t\t\t<\/div>\n\t\t\t\t<\/div>\n\t\t<div class=\"elementor-element elementor-element-267d3e75 e-flex e-con-boxed e-con e-parent\" data-id=\"267d3e75\" data-element_type=\"container\">\n\t\t\t\t\t<div class=\"e-con-inner\">\n\t\t<div class=\"elementor-element elementor-element-3910c3d4 e-con-full e-flex e-con e-child\" data-id=\"3910c3d4\" data-element_type=\"container\" data-settings=\"{&quot;background_background&quot;:&quot;classic&quot;}\">\n\t\t\t\t<div class=\"elementor-element elementor-element-77595859 elementor-widget elementor-widget-text-editor\" data-id=\"77595859\" data-element_type=\"widget\" data-widget_type=\"text-editor.default\">\n\t\t\t\t<div class=\"elementor-widget-container\">\n\t\t\t\t\t\t\t\t\t<div class=\"flex flex-grow flex-col max-w-full\"><div class=\"min-h-[20px] text-message flex flex-col items-start whitespace-pre-wrap break-words [.text-message+&amp;]:mt-5 juice:w-full juice:items-end overflow-x-auto gap-2\" dir=\"auto\" data-message-author-role=\"assistant\" data-message-id=\"6f1b189e-4af5-4e41-8d4a-d34d2d8c7521\"><div class=\"flex w-full flex-col gap-1 juice:empty:hidden juice:first:pt-[3px]\"><div class=\"markdown prose w-full break-words dark:prose-invert light\"><p>Ce cours pr\u00e9sentera aux apprenants les notions de base du service de transport adapt\u00e9 en couvrant un large \u00e9ventail de domaines d\u2019int\u00e9r\u00eat. Ces sujets comprennent la sensibilisation au handicap et l\u2019empathie; la l\u00e9gislation sur l\u2019accessibilit\u00e9; la d\u00e9termination de l\u2019admissibilit\u00e9 au transport adapt\u00e9; une introduction aux op\u00e9rations de transport adapt\u00e9; et les pratiques et sp\u00e9cifications de service en transport adapt\u00e9 utilis\u00e9es dans l\u2019industrie. <strong> <\/strong><\/p><\/div><\/div><\/div><\/div><h2>Objectifs d\u2019apprentissage<\/h2><ul><li>Participer avec assurance \u00e0 des discussions sur les services de transport adapt\u00e9.<\/li><li>Distinguer les \u00e9l\u00e9ments cl\u00e9s du transport adapt\u00e9 au sein de votre agence et ailleurs.<\/li><li>\u00c9valuer vos op\u00e9rations pour identifier des pistes d\u2019am\u00e9lioration.<\/li><li>Comprendre la sensibilisation au handicap et la mani\u00e8re d\u2019interagir ad\u00e9quatement avec vos clients.<\/li><li>Reconna\u00eetre les implications l\u00e9gales potentielles et les obstacles dans vos op\u00e9rations.<\/li><\/ul><h3>Public cible<\/h3><p>Ce programme est con\u00e7u pour les professionnels du transport qui travaillent en transport adapt\u00e9 ou en lien avec celui-ci et qui ne connaissent pas encore ses op\u00e9rations, sa terminologie ou sa client\u00e8le. Il convient particuli\u00e8rement aux nouveaux employ\u00e9s travaillant en transport adapt\u00e9, tels que les chauffeurs, les r\u00e9partiteurs, les employ\u00e9s des centres d\u2019appels, ainsi qu\u2019au personnel cadre qui assume nouvellement des fonctions li\u00e9es au transport adapt\u00e9 et souhaite en savoir plus ou mieux interagir avec son \u00e9quipe. Ce programme peut \u00e9galement servir de mise \u00e0 jour pour les cadres sup\u00e9rieurs souhaitant actualiser leur compr\u00e9hension de l\u2019accessibilit\u00e9 et du transport adapt\u00e9 selon une perspective moderne.  <\/p><h3>Structure du cours<\/h3><p><strong>Modules:<\/strong><\/p><ul><li>Introduction au transport adapt\u00e9<\/li><li>La sensibilisation au handicap<\/li><li>Le handicap et la loi<\/li><li>La d\u00e9termination de l\u2019admissibilit\u00e9<\/li><li>Les op\u00e9rations de transport adapt\u00e9<\/li><li>Les normes de service (optionnel)<\/li><\/ul><p>Ce cours est offert au moyen d\u2019une s\u00e9rie de six modules, chacun con\u00e7u pour \u00eatre compl\u00e9t\u00e9 \u00e0 votre propre rythme. La r\u00e9ussite des cinq premiers modules est obligatoire pour obtenir une mention de r\u00e9ussite au cours. Le dernier module sur les normes de service couvre l\u2019\u00e9valuation comparative du rendement et des normes de service pour \u00e9tude suppl\u00e9mentaire.  <\/p>\t\t\t\t\t\t\t\t<\/div>\n\t\t\t\t<\/div>\n\t\t\t\t<\/div>\n\t\t<div class=\"elementor-element elementor-element-bd973df e-con-full e-flex e-con e-child\" data-id=\"bd973df\" data-element_type=\"container\" data-settings=\"{&quot;background_background&quot;:&quot;classic&quot;}\">\n\t\t\t\t<div class=\"elementor-element elementor-element-ca9d5f7 elementor-widget elementor-widget-image\" data-id=\"ca9d5f7\" data-element_type=\"widget\" data-widget_type=\"image.default\">\n\t\t\t\t<div class=\"elementor-widget-container\">\n\t\t\t\t\t\t\t\t\t\t\t\t\t\t\t<img fetchpriority=\"high\" decoding=\"async\" width=\"800\" height=\"534\" src=\"https:\/\/transitambassador.org\/wp-content\/uploads\/2025\/03\/Paratransit-Banner-1024x683.png\" class=\"attachment-large size-large wp-image-1980\" alt=\"\" srcset=\"https:\/\/transitambassador.org\/wp-content\/uploads\/2025\/03\/Paratransit-Banner-1024x683.png 1024w, https:\/\/transitambassador.org\/wp-content\/uploads\/2025\/03\/Paratransit-Banner-300x200.png 300w, https:\/\/transitambassador.org\/wp-content\/uploads\/2025\/03\/Paratransit-Banner-768x512.png 768w, https:\/\/transitambassador.org\/wp-content\/uploads\/2025\/03\/Paratransit-Banner-1536x1024.png 1536w, https:\/\/transitambassador.org\/wp-content\/uploads\/2025\/03\/Paratransit-Banner-2048x1365.png 2048w\" sizes=\"(max-width: 800px) 100vw, 800px\" \/>\t\t\t\t\t\t\t\t\t\t\t\t\t\t\t<\/div>\n\t\t\t\t<\/div>\n\t\t\t\t<div class=\"elementor-element elementor-element-483cd2d elementor-widget elementor-widget-text-editor\" data-id=\"483cd2d\" data-element_type=\"widget\" data-widget_type=\"text-editor.default\">\n\t\t\t\t<div class=\"elementor-widget-container\">\n\t\t\t\t\t\t\t\t\t<h3>Notre port\u00e9e<\/h3><p>Joignez-vous au nombre croissant de professionnels qui ont fait progresser leur carri\u00e8re et contribu\u00e9 \u00e0 l\u2019\u00e9volution du transport collectif gr\u00e2ce \u00e0 notre formation reconnue.<\/p><h3>90+ inscrits \u00e0 ce jour<\/h3><p>Les participants proviennent d\u2019agences de transport et d\u2019entreprises \u00e0 travers l\u2019Am\u00e9rique du Nord.<\/p>\t\t\t\t\t\t\t\t<\/div>\n\t\t\t\t<\/div>\n\t\t\t\t<\/div>\n\t\t\t\t\t<\/div>\n\t\t\t\t<\/div>\n\t\t<div class=\"elementor-element elementor-element-3d7ea68 e-flex e-con-boxed e-con e-parent\" data-id=\"3d7ea68\" data-element_type=\"container\" data-settings=\"{&quot;background_background&quot;:&quot;classic&quot;}\">\n\t\t\t\t\t<div class=\"e-con-inner\">\n\t\t<div class=\"elementor-element elementor-element-0ccc0f3 e-con-full e-flex e-con e-child\" data-id=\"0ccc0f3\" data-element_type=\"container\" data-settings=\"{&quot;background_background&quot;:&quot;classic&quot;}\">\n\t\t\t\t<div class=\"elementor-element elementor-element-fbad765 elementor-widget elementor-widget-heading\" data-id=\"fbad765\" data-element_type=\"widget\" data-widget_type=\"heading.default\">\n\t\t\t\t<div class=\"elementor-widget-container\">\n\t\t\t\t\t<h3 class=\"elementor-heading-title elementor-size-default\">T\u00e9moignages<\/h3>\t\t\t\t<\/div>\n\t\t\t\t<\/div>\n\t\t\t\t<div class=\"elementor-element elementor-element-94eb68c elementor-testimonial--skin-default elementor-testimonial--layout-image_inline elementor-testimonial--align-center elementor-arrows-yes elementor-pagination-type-bullets elementor-widget elementor-widget-testimonial-carousel\" data-id=\"94eb68c\" data-element_type=\"widget\" data-settings=\"{&quot;show_arrows&quot;:&quot;yes&quot;,&quot;pagination&quot;:&quot;bullets&quot;,&quot;speed&quot;:500,&quot;autoplay&quot;:&quot;yes&quot;,&quot;autoplay_speed&quot;:5000,&quot;loop&quot;:&quot;yes&quot;,&quot;pause_on_hover&quot;:&quot;yes&quot;,&quot;pause_on_interaction&quot;:&quot;yes&quot;,&quot;space_between&quot;:{&quot;unit&quot;:&quot;px&quot;,&quot;size&quot;:10,&quot;sizes&quot;:[]},&quot;space_between_tablet&quot;:{&quot;unit&quot;:&quot;px&quot;,&quot;size&quot;:10,&quot;sizes&quot;:[]},&quot;space_between_mobile&quot;:{&quot;unit&quot;:&quot;px&quot;,&quot;size&quot;:10,&quot;sizes&quot;:[]}}\" data-widget_type=\"testimonial-carousel.default\">\n\t\t\t\t<div class=\"elementor-widget-container\">\n\t\t\t\t\t\t\t\t\t<div class=\"elementor-swiper\">\n\t\t\t\t\t<div class=\"elementor-main-swiper swiper\" role=\"region\" aria-roledescription=\"carousel\" aria-label=\"Slides\">\n\t\t\t\t<div class=\"swiper-wrapper\">\n\t\t\t\t\t\t\t\t\t\t\t<div class=\"swiper-slide\" role=\"group\" aria-roledescription=\"slide\">\n\t\t\t\t\t\t\t\t\t<div class=\"elementor-testimonial\">\n\t\t\t\t\t\t\t<div class=\"elementor-testimonial__content\">\n\t\t\t\t\t<div class=\"elementor-testimonial__text\">\n\t\t\t\t\t\t<p>\u00ab Introduction au transport adapt\u00e9 est sans contredit l\u2019une des formations les plus pr\u00e9cieuses que j\u2019ai suivies depuis mon arriv\u00e9e dans le secteur. L\u2019information pr\u00e9sent\u00e9e dans les modules est concise mais tr\u00e8s bien expliqu\u00e9e. Les sections portant sur l\u2019histoire, le pr\u00e9sent et l\u2019avenir du transport adapt\u00e9 offrent d\u2019excellentes bases pour quiconque travaille dans ce domaine, mais ce sont surtout celles sur les obstacles et la compassion envers nos usagers qui m\u2019ont le plus marqu\u00e9. Cette compr\u00e9hension et cette empathie accrues seront des atouts pr\u00e9cieux pour am\u00e9liorer ma communication directe avec les passagers et mes s\u00e9ances de coaching avec le personnel. Je recommanderais d\u2019int\u00e9grer ce cours au processus de formation des nouvelles recrues dans toutes les soci\u00e9t\u00e9s de transport adapt\u00e9 et de le r\u00e9viser annuellement avec le personnel exp\u00e9riment\u00e9. \u00bb<\/p>\n\t\t\t\t\t<\/div>\n\t\t\t\t\t\t\t\t\t<\/div>\n\t\t\t\t\t\t<div class=\"elementor-testimonial__footer\">\n\t\t\t\t\t\t\t\t<cite class=\"elementor-testimonial__cite\"><span class=\"elementor-testimonial__name\">Edward Simon<\/span><span class=\"elementor-testimonial__title\">York Region Transit<\/span><\/cite>\t\t\t<\/div>\n\t\t<\/div>\n\t\t\t\t\t\t\t\t<\/div>\n\t\t\t\t\t\t\t\t\t\t\t<div class=\"swiper-slide\" role=\"group\" aria-roledescription=\"slide\">\n\t\t\t\t\t\t\t\t\t<div class=\"elementor-testimonial\">\n\t\t\t\t\t\t\t<div class=\"elementor-testimonial__content\">\n\t\t\t\t\t<div class=\"elementor-testimonial__text\">\n\t\t\t\t\t\t<p>\u00ab Comme je suis relativement nouvelle dans l\u2019industrie, j\u2019ai suivi ce cours parce que j\u2019avais de nombreuses questions sur le transport adapt\u00e9 et le fonctionnement des petites agences. Le cours est simple \u00e0 suivre, divis\u00e9 en modules faciles \u00e0 comprendre couvrant tout, de l\u2019admissibilit\u00e9 \u00e0 la r\u00e9servation des trajets, en passant par la structure organisationnelle typique de ce type de service. Ma compr\u00e9hension globale du transport adapt\u00e9 s\u2019est consid\u00e9rablement am\u00e9lior\u00e9e et j\u2019ai h\u00e2te d\u2019appliquer les le\u00e7ons apprises, notamment en ce qui concerne les diff\u00e9rents animaux d\u2019assistance, dans mon r\u00f4le actuel. Merci ! \u00bb   <\/p>\n\t\t\t\t\t<\/div>\n\t\t\t\t\t\t\t\t\t<\/div>\n\t\t\t\t\t\t<div class=\"elementor-testimonial__footer\">\n\t\t\t\t\t\t\t\t<cite class=\"elementor-testimonial__cite\"><span class=\"elementor-testimonial__name\">Billie-Jo Arnott<\/span><span class=\"elementor-testimonial__title\">Ville d\u2019Airdrie<\/span><\/cite>\t\t\t<\/div>\n\t\t<\/div>\n\t\t\t\t\t\t\t\t<\/div>\n\t\t\t\t\t\t\t\t\t<\/div>\n\t\t\t\t\t\t\t\t\t\t\t\t\t\t\t<div class=\"elementor-swiper-button elementor-swiper-button-prev\" role=\"button\" tabindex=\"0\" aria-label=\"Pr\u00e9c\u00e9dent\">\n\t\t\t\t\t\t\t<svg aria-hidden=\"true\" class=\"e-font-icon-svg e-eicon-chevron-left\" viewBox=\"0 0 1000 1000\" xmlns=\"http:\/\/www.w3.org\/2000\/svg\"><path d=\"M646 125C629 125 613 133 604 142L308 442C296 454 292 471 292 487 292 504 296 521 308 533L604 854C617 867 629 875 646 875 663 875 679 871 692 858 704 846 713 829 713 812 713 796 708 779 692 767L438 487 692 225C700 217 708 204 708 187 708 171 704 154 692 142 675 129 663 125 646 125Z\"><\/path><\/svg>\t\t\t\t\t\t<\/div>\n\t\t\t\t\t\t<div class=\"elementor-swiper-button elementor-swiper-button-next\" role=\"button\" tabindex=\"0\" aria-label=\"Suivant\">\n\t\t\t\t\t\t\t<svg aria-hidden=\"true\" class=\"e-font-icon-svg e-eicon-chevron-right\" viewBox=\"0 0 1000 1000\" xmlns=\"http:\/\/www.w3.org\/2000\/svg\"><path d=\"M696 533C708 521 713 504 713 487 713 471 708 454 696 446L400 146C388 133 375 125 354 125 338 125 325 129 313 142 300 154 292 171 292 187 292 204 296 221 308 233L563 492 304 771C292 783 288 800 288 817 288 833 296 850 308 863 321 871 338 875 354 875 371 875 388 867 400 854L696 533Z\"><\/path><\/svg>\t\t\t\t\t\t<\/div>\n\t\t\t\t\t\t\t\t\t\t\t\t\t\t\t\t<div class=\"swiper-pagination\"><\/div>\n\t\t\t\t\t\t\t\t\t\t\t\t<\/div>\n\t\t\t\t<\/div>\n\t\t\t\t\t\t\t\t<\/div>\n\t\t\t\t<\/div>\n\t\t\t\t<\/div>\n\t\t\t\t\t<\/div>\n\t\t\t\t<\/div>\n\t\t<div class=\"elementor-element elementor-element-5d4f0b10 e-con-full e-flex e-con e-child\" data-id=\"5d4f0b10\" data-element_type=\"container\" data-settings=\"{&quot;background_background&quot;:&quot;classic&quot;}\">\n\t\t\t\t<div class=\"elementor-element elementor-element-3a1382b1 elementor-cta--layout-image-right elementor-cta--valign-middle elementor-cta--mobile-layout-image-above elementor-widget__width-initial elementor-widget-tablet__width-inherit elementor-cta--skin-classic elementor-animated-content elementor-bg-transform elementor-bg-transform-zoom-in elementor-widget elementor-widget-call-to-action\" data-id=\"3a1382b1\" data-element_type=\"widget\" data-widget_type=\"call-to-action.default\">\n\t\t\t\t<div class=\"elementor-widget-container\">\n\t\t\t\t\t\t\t<div class=\"elementor-cta\">\n\t\t\t\t\t\t\t<div class=\"elementor-cta__content\">\n\t\t\t\t\n\t\t\t\t\t\t\t\t\t<h2 class=\"elementor-cta__title elementor-cta__content-item elementor-content-item\">\n\t\t\t\t\t\tEn savoir plus\t\t\t\t\t<\/h2>\n\t\t\t\t\n\t\t\t\t\t\t\t\t\t<div class=\"elementor-cta__description elementor-cta__content-item elementor-content-item\">\n\t\t\t\t\t\tObtenez des renseignements sur les tarifs ou planifiez une d\u00e9monstration.\t\t\t\t\t<\/div>\n\t\t\t\t\n\t\t\t\t\t\t\t\t\t<div class=\"elementor-cta__button-wrapper elementor-cta__content-item elementor-content-item \">\n\t\t\t\t\t<a class=\"elementor-cta__button elementor-button elementor-size-md\" href=\"https:\/\/transitambassador.org\/fr\/nous-joindre\/\">\n\t\t\t\t\t\tCommuniquez avec nous\t\t\t\t\t<\/a>\n\t\t\t\t\t<\/div>\n\t\t\t\t\t\t\t<\/div>\n\t\t\t\t\t\t<\/div>\n\t\t\t\t\t\t<\/div>\n\t\t\t\t<\/div>\n\t\t\t\t<\/div>\n\t\t\t\t<\/div>\n\t\t","protected":false},"excerpt":{"rendered":"<p>Introduction au transport adapt\u00e9 Acqu\u00e9rir des comp\u00e9tences en transport adapt\u00e9 Ce cours pr\u00e9sentera aux apprenants les notions de base du service de transport adapt\u00e9 en couvrant un large \u00e9ventail de [&hellip;]<\/p>\n","protected":false},"author":1,"featured_media":0,"parent":0,"menu_order":0,"comment_status":"closed","ping_status":"closed","template":"elementor_header_footer","meta":{"_price":"","_stock":"","_tribe_ticket_header":"","_tribe_default_ticket_provider":"","_ticket_start_date":"","_ticket_end_date":"","_tribe_ticket_show_description":"","_tribe_ticket_show_not_going":false,"_tribe_ticket_use_global_stock":"","_tribe_ticket_global_stock_level":"","_global_stock_mode":"","_global_stock_cap":"","_tribe_rsvp_for_event":"","_tribe_ticket_going_count":"","_tribe_ticket_not_going_count":"","_tribe_tickets_list":"[]","_tribe_ticket_has_attendee_info_fields":false,"footnotes":"","_tec_slr_enabled":"","_tec_slr_layout":""},"class_list":["post-1979","page","type-page","status-publish","hentry"],"yoast_head":"<!-- This site is optimized with the Yoast SEO plugin v26.1.1 - https:\/\/yoast.com\/wordpress\/plugins\/seo\/ -->\n<title>Introduction au transport adapt\u00e9 - Transit Ambassador<\/title>\n<meta name=\"robots\" content=\"index, follow, max-snippet:-1, max-image-preview:large, max-video-preview:-1\" \/>\n<link rel=\"canonical\" href=\"https:\/\/transitambassador.org\/fr\/introduction-au-transport-adapte\/\" \/>\n<meta property=\"og:locale\" content=\"fr_FR\" \/>\n<meta property=\"og:type\" content=\"article\" \/>\n<meta property=\"og:title\" content=\"Introduction au transport adapt\u00e9 - Transit Ambassador\" \/>\n<meta property=\"og:description\" content=\"Introduction au transport adapt\u00e9 Acqu\u00e9rir des comp\u00e9tences en transport adapt\u00e9 Ce cours pr\u00e9sentera aux apprenants les notions de base du service de transport adapt\u00e9 en couvrant un large \u00e9ventail de [&hellip;]\" \/>\n<meta property=\"og:url\" content=\"https:\/\/transitambassador.org\/fr\/introduction-au-transport-adapte\/\" \/>\n<meta property=\"og:site_name\" content=\"Transit Ambassador\" \/>\n<meta property=\"article:modified_time\" content=\"2026-01-08T17:52:01+00:00\" \/>\n<meta property=\"og:image\" content=\"https:\/\/transitambassador.org\/wp-content\/uploads\/2025\/03\/Paratransit-Banner-1024x683.png\" \/>\n\t<meta property=\"og:image:width\" content=\"1024\" \/>\n\t<meta property=\"og:image:height\" content=\"683\" \/>\n\t<meta property=\"og:image:type\" content=\"image\/png\" \/>\n<meta name=\"twitter:card\" content=\"summary_large_image\" \/>\n<meta name=\"twitter:label1\" content=\"Dur\u00e9e de lecture estim\u00e9e\" \/>\n\t<meta name=\"twitter:data1\" content=\"3 minutes\" \/>\n<script type=\"application\/ld+json\" class=\"yoast-schema-graph\">{\"@context\":\"https:\/\/schema.org\",\"@graph\":[{\"@type\":\"WebPage\",\"@id\":\"https:\/\/transitambassador.org\/fr\/introduction-au-transport-adapte\/\",\"url\":\"https:\/\/transitambassador.org\/fr\/introduction-au-transport-adapte\/\",\"name\":\"Introduction au transport adapt\u00e9 - Transit Ambassador\",\"isPartOf\":{\"@id\":\"https:\/\/transitambassador.org\/fr\/#website\"},\"primaryImageOfPage\":{\"@id\":\"https:\/\/transitambassador.org\/fr\/introduction-au-transport-adapte\/#primaryimage\"},\"image\":{\"@id\":\"https:\/\/transitambassador.org\/fr\/introduction-au-transport-adapte\/#primaryimage\"},\"thumbnailUrl\":\"https:\/\/transitambassador.org\/wp-content\/uploads\/2025\/03\/Paratransit-Banner-1024x683.png\",\"datePublished\":\"2025-03-31T17:03:00+00:00\",\"dateModified\":\"2026-01-08T17:52:01+00:00\",\"breadcrumb\":{\"@id\":\"https:\/\/transitambassador.org\/fr\/introduction-au-transport-adapte\/#breadcrumb\"},\"inLanguage\":\"fr-FR\",\"potentialAction\":[{\"@type\":\"ReadAction\",\"target\":[\"https:\/\/transitambassador.org\/fr\/introduction-au-transport-adapte\/\"]}]},{\"@type\":\"ImageObject\",\"inLanguage\":\"fr-FR\",\"@id\":\"https:\/\/transitambassador.org\/fr\/introduction-au-transport-adapte\/#primaryimage\",\"url\":\"https:\/\/transitambassador.org\/wp-content\/uploads\/2025\/03\/Paratransit-Banner-1024x683.png\",\"contentUrl\":\"https:\/\/transitambassador.org\/wp-content\/uploads\/2025\/03\/Paratransit-Banner-1024x683.png\"},{\"@type\":\"BreadcrumbList\",\"@id\":\"https:\/\/transitambassador.org\/fr\/introduction-au-transport-adapte\/#breadcrumb\",\"itemListElement\":[{\"@type\":\"ListItem\",\"position\":1,\"name\":\"Home\",\"item\":\"https:\/\/transitambassador.org\/fr\/home\/\"},{\"@type\":\"ListItem\",\"position\":2,\"name\":\"Introduction au transport adapt\u00e9\"}]},{\"@type\":\"WebSite\",\"@id\":\"https:\/\/transitambassador.org\/fr\/#website\",\"url\":\"https:\/\/transitambassador.org\/fr\/\",\"name\":\"Transit Ambassador\",\"description\":\"\",\"publisher\":{\"@id\":\"https:\/\/transitambassador.org\/fr\/#organization\"},\"potentialAction\":[{\"@type\":\"SearchAction\",\"target\":{\"@type\":\"EntryPoint\",\"urlTemplate\":\"https:\/\/transitambassador.org\/fr\/?s={search_term_string}\"},\"query-input\":{\"@type\":\"PropertyValueSpecification\",\"valueRequired\":true,\"valueName\":\"search_term_string\"}}],\"inLanguage\":\"fr-FR\"},{\"@type\":\"Organization\",\"@id\":\"https:\/\/transitambassador.org\/fr\/#organization\",\"name\":\"Transit Ambassador\",\"url\":\"https:\/\/transitambassador.org\/fr\/\",\"logo\":{\"@type\":\"ImageObject\",\"inLanguage\":\"fr-FR\",\"@id\":\"https:\/\/transitambassador.org\/fr\/#\/schema\/logo\/image\/\",\"url\":\"https:\/\/transitambassador.org\/wp-content\/uploads\/2025\/03\/cropped-Transit-Ambassador-Logo-1.png\",\"contentUrl\":\"https:\/\/transitambassador.org\/wp-content\/uploads\/2025\/03\/cropped-Transit-Ambassador-Logo-1.png\",\"width\":150,\"height\":32,\"caption\":\"Transit Ambassador\"},\"image\":{\"@id\":\"https:\/\/transitambassador.org\/fr\/#\/schema\/logo\/image\/\"}}]}<\/script>\n<!-- \/ Yoast SEO plugin. -->","yoast_head_json":{"title":"Introduction au transport adapt\u00e9 - Transit Ambassador","robots":{"index":"index","follow":"follow","max-snippet":"max-snippet:-1","max-image-preview":"max-image-preview:large","max-video-preview":"max-video-preview:-1"},"canonical":"https:\/\/transitambassador.org\/fr\/introduction-au-transport-adapte\/","og_locale":"fr_FR","og_type":"article","og_title":"Introduction au transport adapt\u00e9 - Transit Ambassador","og_description":"Introduction au transport adapt\u00e9 Acqu\u00e9rir des comp\u00e9tences en transport adapt\u00e9 Ce cours pr\u00e9sentera aux apprenants les notions de base du service de transport adapt\u00e9 en couvrant un large \u00e9ventail de [&hellip;]","og_url":"https:\/\/transitambassador.org\/fr\/introduction-au-transport-adapte\/","og_site_name":"Transit Ambassador","article_modified_time":"2026-01-08T17:52:01+00:00","og_image":[{"width":1024,"height":683,"url":"https:\/\/transitambassador.org\/wp-content\/uploads\/2025\/03\/Paratransit-Banner-1024x683.png","type":"image\/png"}],"twitter_card":"summary_large_image","twitter_misc":{"Dur\u00e9e de lecture estim\u00e9e":"3 minutes"},"schema":{"@context":"https:\/\/schema.org","@graph":[{"@type":"WebPage","@id":"https:\/\/transitambassador.org\/fr\/introduction-au-transport-adapte\/","url":"https:\/\/transitambassador.org\/fr\/introduction-au-transport-adapte\/","name":"Introduction au transport adapt\u00e9 - Transit Ambassador","isPartOf":{"@id":"https:\/\/transitambassador.org\/fr\/#website"},"primaryImageOfPage":{"@id":"https:\/\/transitambassador.org\/fr\/introduction-au-transport-adapte\/#primaryimage"},"image":{"@id":"https:\/\/transitambassador.org\/fr\/introduction-au-transport-adapte\/#primaryimage"},"thumbnailUrl":"https:\/\/transitambassador.org\/wp-content\/uploads\/2025\/03\/Paratransit-Banner-1024x683.png","datePublished":"2025-03-31T17:03:00+00:00","dateModified":"2026-01-08T17:52:01+00:00","breadcrumb":{"@id":"https:\/\/transitambassador.org\/fr\/introduction-au-transport-adapte\/#breadcrumb"},"inLanguage":"fr-FR","potentialAction":[{"@type":"ReadAction","target":["https:\/\/transitambassador.org\/fr\/introduction-au-transport-adapte\/"]}]},{"@type":"ImageObject","inLanguage":"fr-FR","@id":"https:\/\/transitambassador.org\/fr\/introduction-au-transport-adapte\/#primaryimage","url":"https:\/\/transitambassador.org\/wp-content\/uploads\/2025\/03\/Paratransit-Banner-1024x683.png","contentUrl":"https:\/\/transitambassador.org\/wp-content\/uploads\/2025\/03\/Paratransit-Banner-1024x683.png"},{"@type":"BreadcrumbList","@id":"https:\/\/transitambassador.org\/fr\/introduction-au-transport-adapte\/#breadcrumb","itemListElement":[{"@type":"ListItem","position":1,"name":"Home","item":"https:\/\/transitambassador.org\/fr\/home\/"},{"@type":"ListItem","position":2,"name":"Introduction au transport adapt\u00e9"}]},{"@type":"WebSite","@id":"https:\/\/transitambassador.org\/fr\/#website","url":"https:\/\/transitambassador.org\/fr\/","name":"Transit Ambassador","description":"","publisher":{"@id":"https:\/\/transitambassador.org\/fr\/#organization"},"potentialAction":[{"@type":"SearchAction","target":{"@type":"EntryPoint","urlTemplate":"https:\/\/transitambassador.org\/fr\/?s={search_term_string}"},"query-input":{"@type":"PropertyValueSpecification","valueRequired":true,"valueName":"search_term_string"}}],"inLanguage":"fr-FR"},{"@type":"Organization","@id":"https:\/\/transitambassador.org\/fr\/#organization","name":"Transit Ambassador","url":"https:\/\/transitambassador.org\/fr\/","logo":{"@type":"ImageObject","inLanguage":"fr-FR","@id":"https:\/\/transitambassador.org\/fr\/#\/schema\/logo\/image\/","url":"https:\/\/transitambassador.org\/wp-content\/uploads\/2025\/03\/cropped-Transit-Ambassador-Logo-1.png","contentUrl":"https:\/\/transitambassador.org\/wp-content\/uploads\/2025\/03\/cropped-Transit-Ambassador-Logo-1.png","width":150,"height":32,"caption":"Transit Ambassador"},"image":{"@id":"https:\/\/transitambassador.org\/fr\/#\/schema\/logo\/image\/"}}]}},"ticketed":false,"_links":{"self":[{"href":"https:\/\/transitambassador.org\/fr\/wp-json\/wp\/v2\/pages\/1979","targetHints":{"allow":["GET"]}}],"collection":[{"href":"https:\/\/transitambassador.org\/fr\/wp-json\/wp\/v2\/pages"}],"about":[{"href":"https:\/\/transitambassador.org\/fr\/wp-json\/wp\/v2\/types\/page"}],"author":[{"embeddable":true,"href":"https:\/\/transitambassador.org\/fr\/wp-json\/wp\/v2\/users\/1"}],"replies":[{"embeddable":true,"href":"https:\/\/transitambassador.org\/fr\/wp-json\/wp\/v2\/comments?post=1979"}],"version-history":[{"count":3,"href":"https:\/\/transitambassador.org\/fr\/wp-json\/wp\/v2\/pages\/1979\/revisions"}],"predecessor-version":[{"id":2233,"href":"https:\/\/transitambassador.org\/fr\/wp-json\/wp\/v2\/pages\/1979\/revisions\/2233"}],"wp:attachment":[{"href":"https:\/\/transitambassador.org\/fr\/wp-json\/wp\/v2\/media?parent=1979"}],"curies":[{"name":"wp","href":"https:\/\/api.w.org\/{rel}","templated":true}]}}