{"id":1981,"date":"2025-03-28T14:12:35","date_gmt":"2025-03-28T18:12:35","guid":{"rendered":"https:\/\/transitambassador.org\/strada\/"},"modified":"2025-12-04T10:26:57","modified_gmt":"2025-12-04T15:26:57","slug":"strada","status":"publish","type":"page","link":"https:\/\/transitambassador.org\/fr\/strada\/","title":{"rendered":"STRADA"},"content":{"rendered":"\t\t<div data-elementor-type=\"wp-page\" data-elementor-id=\"1981\" class=\"elementor elementor-1981 elementor-20\" data-elementor-post-type=\"page\">\n\t\t\t\t<div class=\"elementor-element elementor-element-25a8cae7 e-flex e-con-boxed e-con e-parent\" data-id=\"25a8cae7\" data-element_type=\"container\" data-settings=\"{&quot;background_background&quot;:&quot;classic&quot;}\">\n\t\t\t\t\t<div class=\"e-con-inner\">\n\t\t\t\t<div class=\"elementor-element elementor-element-37455a3 elementor-invisible elementor-widget elementor-widget-heading\" data-id=\"37455a3\" data-element_type=\"widget\" data-settings=\"{&quot;_animation&quot;:&quot;fadeIn&quot;}\" data-widget_type=\"heading.default\">\n\t\t\t\t<div class=\"elementor-widget-container\">\n\t\t\t\t\t<h1 class=\"elementor-heading-title elementor-size-default\">STRADA<\/h1>\t\t\t\t<\/div>\n\t\t\t\t<\/div>\n\t\t\t\t<div class=\"elementor-element elementor-element-3b43db54 elementor-invisible elementor-widget elementor-widget-heading\" data-id=\"3b43db54\" data-element_type=\"widget\" data-settings=\"{&quot;_animation&quot;:&quot;fadeIn&quot;,&quot;_animation_delay&quot;:400}\" data-widget_type=\"heading.default\">\n\t\t\t\t<div class=\"elementor-widget-container\">\n\t\t\t\t\t<h2 class=\"elementor-heading-title elementor-size-default\">Outil pour le recrutement des conducteurs d\u2019autobus.<\/h2>\t\t\t\t<\/div>\n\t\t\t\t<\/div>\n\t\t\t\t\t<\/div>\n\t\t\t\t<\/div>\n\t\t<div class=\"elementor-element elementor-element-358440c e-flex e-con-boxed e-con e-parent\" data-id=\"358440c\" data-element_type=\"container\">\n\t\t\t\t\t<div class=\"e-con-inner\">\n\t\t<div class=\"elementor-element elementor-element-a40fd1c e-con-full e-flex e-con e-child\" data-id=\"a40fd1c\" data-element_type=\"container\" data-settings=\"{&quot;background_background&quot;:&quot;classic&quot;}\">\n\t\t\t\t<div class=\"elementor-element elementor-element-3404462 elementor-widget elementor-widget-text-editor\" data-id=\"3404462\" data-element_type=\"widget\" data-widget_type=\"text-editor.default\">\n\t\t\t\t<div class=\"elementor-widget-container\">\n\t\t\t\t\t\t\t\t\t<p>STRADA est un outil d\u2019embauche con\u00e7u pour le recrutement d\u2019op\u00e9rateurs d\u2019autobus performants. D\u00e9velopp\u00e9 en partenariat avec des organismes de transport collectif, STRADA vise \u00e0 : <\/p><ul><li>Acc\u00e9l\u00e9rer le processus d\u2019embauche.<\/li><li>R\u00e9duire l\u2019intensit\u00e9 de la main-d\u2019\u0153uvre n\u00e9cessaire au recrutement.<\/li><li>Diminuer les co\u00fbts d\u2019embauche et de formation.<\/li><li>R\u00e9duire les taux d\u2019attrition des nouvelles recrues en s\u00e9lectionnant de meilleurs candidats.<\/li><\/ul><p><br>Avec STRADA, les organisations peuvent administrer des \u00e9valuations psychom\u00e9triques pour cerner l\u2019alignement entre les traits comportementaux, les jugements situationnels des candidats potentiels et ceux d\u2019op\u00e9rateurs \u00e0 haut rendement. Les \u00e9valuations STRADA mettent en lumi\u00e8re les principales forces et les faiblesses potentielles des candidats, ce qui acc\u00e9l\u00e8re la s\u00e9lection dans le cadre du processus de recrutement. Les \u00e9valuations STRADA comprennent aussi des questions d\u2019entrevue sc\u00e9naris\u00e9es et des lignes directrices adapt\u00e9es aux r\u00e9sultats individuels de chaque candidat, afin d\u2019offrir aux recruteurs l\u2019occasion d\u2019approfondir les forces dominantes ou les faiblesses potentielles.  <\/p><p>Les candidats obtenant un score \u00e9lev\u00e9 aux \u00e9valuations STRADA sont consid\u00e9r\u00e9s comme des \u00ab Excellentes correspondances \u00bb, ce qui signifie qu\u2019ils sont susceptibles de r\u00e9ussir dans le r\u00f4le d\u2019op\u00e9rateur ou d\u2019op\u00e9ratrice d\u2019autobus. Dans une \u00e9tude men\u00e9e aupr\u00e8s de plus de 500 op\u00e9rateurs provenant de 16 r\u00e9seaux de transport collectif, les op\u00e9rateurs recommand\u00e9s par STRADA, comparativement \u00e0 ceux qui ne l\u2019\u00e9taient pas : <\/p><ul><li>Ont pris deux fois moins de cong\u00e9s de maladie.<\/li><li>Se pr\u00e9sentent au travail \u00e0 l\u2019heure trois fois plus souvent.<\/li><li>Ont deux fois moins d\u2019accidents responsables.<\/li><li>Re\u00e7oivent 20 % moins de plaintes de la client\u00e8le.<\/li><\/ul><p><br>Parmi plus de 30 clients, STRADA a permis d\u2019\u00e9valuer plus de 100 000 candidats au poste d\u2019op\u00e9rateur d\u2019autobus au Canada et aux \u00c9tats-Unis \u00e0 ce jour.<\/p>\t\t\t\t\t\t\t\t<\/div>\n\t\t\t\t<\/div>\n\t\t\t\t<\/div>\n\t\t<div class=\"elementor-element elementor-element-adf9a67 e-con-full e-flex e-con e-child\" data-id=\"adf9a67\" data-element_type=\"container\">\n\t\t\t\t<div class=\"elementor-element elementor-element-abe4cd4 elementor-widget elementor-widget-image\" data-id=\"abe4cd4\" data-element_type=\"widget\" data-widget_type=\"image.default\">\n\t\t\t\t<div class=\"elementor-widget-container\">\n\t\t\t\t\t\t\t\t\t\t\t\t\t\t\t<img fetchpriority=\"high\" decoding=\"async\" width=\"800\" height=\"534\" src=\"https:\/\/transitambassador.org\/wp-content\/uploads\/2025\/03\/shutterstock_377150785-scaled-1-1024x683.jpg\" class=\"attachment-large size-large wp-image-1982\" alt=\"\" srcset=\"https:\/\/transitambassador.org\/wp-content\/uploads\/2025\/03\/shutterstock_377150785-scaled-1-1024x683.jpg 1024w, https:\/\/transitambassador.org\/wp-content\/uploads\/2025\/03\/shutterstock_377150785-scaled-1-300x200.jpg 300w, https:\/\/transitambassador.org\/wp-content\/uploads\/2025\/03\/shutterstock_377150785-scaled-1-768x512.jpg 768w, https:\/\/transitambassador.org\/wp-content\/uploads\/2025\/03\/shutterstock_377150785-scaled-1-1536x1024.jpg 1536w, https:\/\/transitambassador.org\/wp-content\/uploads\/2025\/03\/shutterstock_377150785-scaled-1-2048x1366.jpg 2048w\" sizes=\"(max-width: 800px) 100vw, 800px\" \/>\t\t\t\t\t\t\t\t\t\t\t\t\t\t\t<\/div>\n\t\t\t\t<\/div>\n\t\t\t\t<\/div>\n\t\t\t\t\t<\/div>\n\t\t\t\t<\/div>\n\t\t<div class=\"elementor-element elementor-element-8173db5 e-con-full e-flex e-con e-child\" data-id=\"8173db5\" data-element_type=\"container\" data-settings=\"{&quot;background_background&quot;:&quot;classic&quot;}\">\n\t\t\t\t<div class=\"elementor-element elementor-element-f4e1008 elementor-cta--layout-image-right elementor-cta--valign-middle elementor-cta--mobile-layout-image-above elementor-widget__width-initial elementor-widget-tablet__width-inherit elementor-cta--skin-classic elementor-animated-content elementor-bg-transform elementor-bg-transform-zoom-in elementor-widget elementor-widget-call-to-action\" data-id=\"f4e1008\" data-element_type=\"widget\" data-widget_type=\"call-to-action.default\">\n\t\t\t\t<div class=\"elementor-widget-container\">\n\t\t\t\t\t\t\t<div class=\"elementor-cta\">\n\t\t\t\t\t\t\t<div class=\"elementor-cta__content\">\n\t\t\t\t\n\t\t\t\t\t\t\t\t\t<h2 class=\"elementor-cta__title elementor-cta__content-item elementor-content-item\">\n\t\t\t\t\t\tEn savoir plus sur STRADA\t\t\t\t\t<\/h2>\n\t\t\t\t\n\t\t\t\t\t\t\t\t\t<div class=\"elementor-cta__description elementor-cta__content-item elementor-content-item\">\n\t\t\t\t\t\tObtenez des renseignements sur les tarifs ou planifiez une d\u00e9monstration.\t\t\t\t\t<\/div>\n\t\t\t\t\n\t\t\t\t\t\t\t\t\t<div class=\"elementor-cta__button-wrapper elementor-cta__content-item elementor-content-item \">\n\t\t\t\t\t<a class=\"elementor-cta__button elementor-button elementor-size-md\" href=\"https:\/\/transitambassador.org\/fr\/nous-joindre\/\">\n\t\t\t\t\t\tCommuniquez avec nous\t\t\t\t\t<\/a>\n\t\t\t\t\t<\/div>\n\t\t\t\t\t\t\t<\/div>\n\t\t\t\t\t\t<\/div>\n\t\t\t\t\t\t<\/div>\n\t\t\t\t<\/div>\n\t\t\t\t<\/div>\n\t\t\t\t<\/div>\n\t\t","protected":false},"excerpt":{"rendered":"<p>STRADA Outil pour le recrutement des conducteurs d\u2019autobus. STRADA est un outil d\u2019embauche con\u00e7u pour le recrutement d\u2019op\u00e9rateurs d\u2019autobus performants. D\u00e9velopp\u00e9 en partenariat avec des organismes de transport collectif, STRADA [&hellip;]<\/p>\n","protected":false},"author":1,"featured_media":0,"parent":0,"menu_order":0,"comment_status":"closed","ping_status":"closed","template":"elementor_header_footer","meta":{"_price":"","_stock":"","_tribe_ticket_header":"","_tribe_default_ticket_provider":"","_ticket_start_date":"","_ticket_end_date":"","_tribe_ticket_show_description":"","_tribe_ticket_show_not_going":false,"_tribe_ticket_use_global_stock":"","_tribe_ticket_global_stock_level":"","_global_stock_mode":"","_global_stock_cap":"","_tribe_rsvp_for_event":"","_tribe_ticket_going_count":"","_tribe_ticket_not_going_count":"","_tribe_tickets_list":"[]","_tribe_ticket_has_attendee_info_fields":false,"footnotes":"","_tec_slr_enabled":"","_tec_slr_layout":""},"class_list":["post-1981","page","type-page","status-publish","hentry"],"yoast_head":"<!-- This site is optimized with the Yoast SEO plugin v26.1.1 - https:\/\/yoast.com\/wordpress\/plugins\/seo\/ -->\n<title>STRADA - Transit Ambassador<\/title>\n<meta name=\"robots\" content=\"index, follow, max-snippet:-1, max-image-preview:large, max-video-preview:-1\" \/>\n<link rel=\"canonical\" href=\"https:\/\/transitambassador.org\/fr\/strada\/\" \/>\n<meta property=\"og:locale\" content=\"fr_FR\" \/>\n<meta property=\"og:type\" content=\"article\" \/>\n<meta property=\"og:title\" content=\"STRADA - Transit Ambassador\" \/>\n<meta property=\"og:description\" content=\"STRADA Outil pour le recrutement des conducteurs d\u2019autobus. STRADA est un outil d\u2019embauche con\u00e7u pour le recrutement d\u2019op\u00e9rateurs d\u2019autobus performants. D\u00e9velopp\u00e9 en partenariat avec des organismes de transport collectif, STRADA [&hellip;]\" \/>\n<meta property=\"og:url\" content=\"https:\/\/transitambassador.org\/fr\/strada\/\" \/>\n<meta property=\"og:site_name\" content=\"Transit Ambassador\" \/>\n<meta property=\"article:modified_time\" content=\"2025-12-04T15:26:57+00:00\" \/>\n<meta property=\"og:image\" content=\"https:\/\/transitambassador.org\/wp-content\/uploads\/2025\/03\/shutterstock_377150785-scaled-1.jpg\" \/>\n\t<meta property=\"og:image:width\" content=\"2560\" \/>\n\t<meta property=\"og:image:height\" content=\"1707\" \/>\n\t<meta property=\"og:image:type\" content=\"image\/jpeg\" \/>\n<meta name=\"twitter:card\" content=\"summary_large_image\" \/>\n<meta name=\"twitter:label1\" content=\"Dur\u00e9e de lecture estim\u00e9e\" \/>\n\t<meta name=\"twitter:data1\" content=\"2 minutes\" \/>\n<script type=\"application\/ld+json\" class=\"yoast-schema-graph\">{\"@context\":\"https:\/\/schema.org\",\"@graph\":[{\"@type\":\"WebPage\",\"@id\":\"https:\/\/transitambassador.org\/fr\/strada\/\",\"url\":\"https:\/\/transitambassador.org\/fr\/strada\/\",\"name\":\"STRADA - Transit Ambassador\",\"isPartOf\":{\"@id\":\"https:\/\/transitambassador.org\/fr\/#website\"},\"primaryImageOfPage\":{\"@id\":\"https:\/\/transitambassador.org\/fr\/strada\/#primaryimage\"},\"image\":{\"@id\":\"https:\/\/transitambassador.org\/fr\/strada\/#primaryimage\"},\"thumbnailUrl\":\"https:\/\/transitambassador.org\/wp-content\/uploads\/2025\/03\/shutterstock_377150785-scaled-1-1024x683.jpg\",\"datePublished\":\"2025-03-28T18:12:35+00:00\",\"dateModified\":\"2025-12-04T15:26:57+00:00\",\"breadcrumb\":{\"@id\":\"https:\/\/transitambassador.org\/fr\/strada\/#breadcrumb\"},\"inLanguage\":\"fr-FR\",\"potentialAction\":[{\"@type\":\"ReadAction\",\"target\":[\"https:\/\/transitambassador.org\/fr\/strada\/\"]}]},{\"@type\":\"ImageObject\",\"inLanguage\":\"fr-FR\",\"@id\":\"https:\/\/transitambassador.org\/fr\/strada\/#primaryimage\",\"url\":\"https:\/\/transitambassador.org\/wp-content\/uploads\/2025\/03\/shutterstock_377150785-scaled-1-1024x683.jpg\",\"contentUrl\":\"https:\/\/transitambassador.org\/wp-content\/uploads\/2025\/03\/shutterstock_377150785-scaled-1-1024x683.jpg\"},{\"@type\":\"BreadcrumbList\",\"@id\":\"https:\/\/transitambassador.org\/fr\/strada\/#breadcrumb\",\"itemListElement\":[{\"@type\":\"ListItem\",\"position\":1,\"name\":\"Home\",\"item\":\"https:\/\/transitambassador.org\/fr\/home\/\"},{\"@type\":\"ListItem\",\"position\":2,\"name\":\"STRADA\"}]},{\"@type\":\"WebSite\",\"@id\":\"https:\/\/transitambassador.org\/fr\/#website\",\"url\":\"https:\/\/transitambassador.org\/fr\/\",\"name\":\"Transit Ambassador\",\"description\":\"\",\"publisher\":{\"@id\":\"https:\/\/transitambassador.org\/fr\/#organization\"},\"potentialAction\":[{\"@type\":\"SearchAction\",\"target\":{\"@type\":\"EntryPoint\",\"urlTemplate\":\"https:\/\/transitambassador.org\/fr\/?s={search_term_string}\"},\"query-input\":{\"@type\":\"PropertyValueSpecification\",\"valueRequired\":true,\"valueName\":\"search_term_string\"}}],\"inLanguage\":\"fr-FR\"},{\"@type\":\"Organization\",\"@id\":\"https:\/\/transitambassador.org\/fr\/#organization\",\"name\":\"Transit Ambassador\",\"url\":\"https:\/\/transitambassador.org\/fr\/\",\"logo\":{\"@type\":\"ImageObject\",\"inLanguage\":\"fr-FR\",\"@id\":\"https:\/\/transitambassador.org\/fr\/#\/schema\/logo\/image\/\",\"url\":\"https:\/\/transitambassador.org\/wp-content\/uploads\/2025\/03\/cropped-Transit-Ambassador-Logo-1.png\",\"contentUrl\":\"https:\/\/transitambassador.org\/wp-content\/uploads\/2025\/03\/cropped-Transit-Ambassador-Logo-1.png\",\"width\":150,\"height\":32,\"caption\":\"Transit Ambassador\"},\"image\":{\"@id\":\"https:\/\/transitambassador.org\/fr\/#\/schema\/logo\/image\/\"}}]}<\/script>\n<!-- \/ Yoast SEO plugin. -->","yoast_head_json":{"title":"STRADA - Transit Ambassador","robots":{"index":"index","follow":"follow","max-snippet":"max-snippet:-1","max-image-preview":"max-image-preview:large","max-video-preview":"max-video-preview:-1"},"canonical":"https:\/\/transitambassador.org\/fr\/strada\/","og_locale":"fr_FR","og_type":"article","og_title":"STRADA - Transit Ambassador","og_description":"STRADA Outil pour le recrutement des conducteurs d\u2019autobus. STRADA est un outil d\u2019embauche con\u00e7u pour le recrutement d\u2019op\u00e9rateurs d\u2019autobus performants. D\u00e9velopp\u00e9 en partenariat avec des organismes de transport collectif, STRADA [&hellip;]","og_url":"https:\/\/transitambassador.org\/fr\/strada\/","og_site_name":"Transit Ambassador","article_modified_time":"2025-12-04T15:26:57+00:00","og_image":[{"width":2560,"height":1707,"url":"https:\/\/transitambassador.org\/wp-content\/uploads\/2025\/03\/shutterstock_377150785-scaled-1.jpg","type":"image\/jpeg"}],"twitter_card":"summary_large_image","twitter_misc":{"Dur\u00e9e de lecture estim\u00e9e":"2 minutes"},"schema":{"@context":"https:\/\/schema.org","@graph":[{"@type":"WebPage","@id":"https:\/\/transitambassador.org\/fr\/strada\/","url":"https:\/\/transitambassador.org\/fr\/strada\/","name":"STRADA - Transit Ambassador","isPartOf":{"@id":"https:\/\/transitambassador.org\/fr\/#website"},"primaryImageOfPage":{"@id":"https:\/\/transitambassador.org\/fr\/strada\/#primaryimage"},"image":{"@id":"https:\/\/transitambassador.org\/fr\/strada\/#primaryimage"},"thumbnailUrl":"https:\/\/transitambassador.org\/wp-content\/uploads\/2025\/03\/shutterstock_377150785-scaled-1-1024x683.jpg","datePublished":"2025-03-28T18:12:35+00:00","dateModified":"2025-12-04T15:26:57+00:00","breadcrumb":{"@id":"https:\/\/transitambassador.org\/fr\/strada\/#breadcrumb"},"inLanguage":"fr-FR","potentialAction":[{"@type":"ReadAction","target":["https:\/\/transitambassador.org\/fr\/strada\/"]}]},{"@type":"ImageObject","inLanguage":"fr-FR","@id":"https:\/\/transitambassador.org\/fr\/strada\/#primaryimage","url":"https:\/\/transitambassador.org\/wp-content\/uploads\/2025\/03\/shutterstock_377150785-scaled-1-1024x683.jpg","contentUrl":"https:\/\/transitambassador.org\/wp-content\/uploads\/2025\/03\/shutterstock_377150785-scaled-1-1024x683.jpg"},{"@type":"BreadcrumbList","@id":"https:\/\/transitambassador.org\/fr\/strada\/#breadcrumb","itemListElement":[{"@type":"ListItem","position":1,"name":"Home","item":"https:\/\/transitambassador.org\/fr\/home\/"},{"@type":"ListItem","position":2,"name":"STRADA"}]},{"@type":"WebSite","@id":"https:\/\/transitambassador.org\/fr\/#website","url":"https:\/\/transitambassador.org\/fr\/","name":"Transit Ambassador","description":"","publisher":{"@id":"https:\/\/transitambassador.org\/fr\/#organization"},"potentialAction":[{"@type":"SearchAction","target":{"@type":"EntryPoint","urlTemplate":"https:\/\/transitambassador.org\/fr\/?s={search_term_string}"},"query-input":{"@type":"PropertyValueSpecification","valueRequired":true,"valueName":"search_term_string"}}],"inLanguage":"fr-FR"},{"@type":"Organization","@id":"https:\/\/transitambassador.org\/fr\/#organization","name":"Transit Ambassador","url":"https:\/\/transitambassador.org\/fr\/","logo":{"@type":"ImageObject","inLanguage":"fr-FR","@id":"https:\/\/transitambassador.org\/fr\/#\/schema\/logo\/image\/","url":"https:\/\/transitambassador.org\/wp-content\/uploads\/2025\/03\/cropped-Transit-Ambassador-Logo-1.png","contentUrl":"https:\/\/transitambassador.org\/wp-content\/uploads\/2025\/03\/cropped-Transit-Ambassador-Logo-1.png","width":150,"height":32,"caption":"Transit Ambassador"},"image":{"@id":"https:\/\/transitambassador.org\/fr\/#\/schema\/logo\/image\/"}}]}},"ticketed":false,"_links":{"self":[{"href":"https:\/\/transitambassador.org\/fr\/wp-json\/wp\/v2\/pages\/1981","targetHints":{"allow":["GET"]}}],"collection":[{"href":"https:\/\/transitambassador.org\/fr\/wp-json\/wp\/v2\/pages"}],"about":[{"href":"https:\/\/transitambassador.org\/fr\/wp-json\/wp\/v2\/types\/page"}],"author":[{"embeddable":true,"href":"https:\/\/transitambassador.org\/fr\/wp-json\/wp\/v2\/users\/1"}],"replies":[{"embeddable":true,"href":"https:\/\/transitambassador.org\/fr\/wp-json\/wp\/v2\/comments?post=1981"}],"version-history":[{"count":2,"href":"https:\/\/transitambassador.org\/fr\/wp-json\/wp\/v2\/pages\/1981\/revisions"}],"predecessor-version":[{"id":2180,"href":"https:\/\/transitambassador.org\/fr\/wp-json\/wp\/v2\/pages\/1981\/revisions\/2180"}],"wp:attachment":[{"href":"https:\/\/transitambassador.org\/fr\/wp-json\/wp\/v2\/media?parent=1981"}],"curies":[{"name":"wp","href":"https:\/\/api.w.org\/{rel}","templated":true}]}}